{"id":91,"date":"2012-05-26T21:24:09","date_gmt":"2012-05-26T21:24:09","guid":{"rendered":"http:\/\/vovray.sansvirus-info.fr\/?page_id=91"},"modified":"2021-03-26T07:40:53","modified_gmt":"2021-03-26T07:40:53","slug":"inscriptions-sur-les-listes-electorales","status":"publish","type":"page","link":"https:\/\/www.vovray-en-bornes.fr\/?page_id=91","title":{"rendered":"Inscriptions sur les listes \u00e9lectorales"},"content":{"rendered":"<h2><\/h2>\n<div>\n<p><b>Comment s\u2019inscrire sur les listes \u00e9lectorales ?<\/b><\/p>\n<\/div>\n<p>A la mairie pendant les heures d\u2019ouverture, munis :<\/p>\n<ul>\n<li>&nbsp;d\u2019une<b>&nbsp;<\/b>pi\u00e8ce d\u2019identit\u00e9 en cours de validit\u00e9 (carte d\u2019identit\u00e9, passeport)<\/li>\n<li>&nbsp;d\u2019un justificatif de domicile<b>&nbsp;<\/b>: document de moins de trois mois prouvant que vous \u00eates bien domicili\u00e9 dans la commune ou que vous y r\u00e9sidez depuis au moins six mois (par exemple des factures de t\u00e9l\u00e9phone ou d\u2019\u00e9lectricit\u00e9, votre avis d\u2019imposition, des quittances de loyer&#8230;)<\/li>\n<\/ul>\n<p><b>Par courrier<\/b>&nbsp;: adressez \u00e0 la mairie <a title=\"format pdf - 0,06 Mb - 07\/09\/2015\" onclick=\"return xt_click(this,'C','6','formulaire-inscription-listes-electorales.pdf','T')\" href=\"http:\/\/www.haute-savoie.gouv.fr\/content\/download\/18469\/114266\/file\/formulaire-inscription-listes-electorales.pdf\" target=\"_blank\" rel=\"noopener noreferrer\">ce formulaire<\/a>&nbsp;<b><\/b>qui doit \u00eatre accompagn\u00e9 imp\u00e9rativement d\u2019une copie de votre pi\u00e8ce d\u2019identit\u00e9 et d\u2019un justificatif de domicile.<\/p>\n<p><b>Sur internet<\/b>&nbsp; :service-public.fr<\/p>\n<h3><b>Comment s\u2019inscrire sur Internet ?<\/b><\/h3>\n<p><a title=\"Visiter le site https:\/\/mdel.mon.service-public.fr\/inscription-listes-electorales.html - nouvelle fen\u00eatre\" href=\"https:\/\/mdel.mon.service-public.fr\/inscription-listes-electorales.html\" target=\"_blank\" rel=\"noopener noreferrer\"><img decoding=\"async\" alt=\"\" src=\"http:\/\/www.haute-savoie.gouv.fr\/extension\/ide\/design\/ide_design\/images\/site-ext.png\">Cr\u00e9ez votre compte en quelques clics<\/a><\/p>\n<p>V\u00e9rifiez que votre mairie est bien raccord\u00e9e au service en ligne<\/p>\n<p>Acc\u00e9dez \u00e0 la d\u00e9marche en ligne \u00ab Inscription sur les listes \u00e9lectorales \u00bb et suivez les instructions<\/p>\n<p>&nbsp;<\/p>\n","protected":false},"excerpt":{"rendered":"<p>Comment s\u2019inscrire sur les listes \u00e9lectorales ? A la mairie pendant les heures d\u2019ouverture, munis : &nbsp;d\u2019une&nbsp;pi\u00e8ce d\u2019identit\u00e9 en cours de validit\u00e9 (carte d\u2019identit\u00e9, passeport) &nbsp;d\u2019un justificatif de domicile&nbsp;: document de moins de trois mois prouvant que vous \u00eates bien domicili\u00e9 dans la commune ou que vous y r\u00e9sidez depuis au moins six mois (par &hellip; <\/p>\n<p><a class=\"more-link btn\" href=\"https:\/\/www.vovray-en-bornes.fr\/?page_id=91\">Lire la suite<\/a><\/p>\n","protected":false},"author":1,"featured_media":0,"parent":89,"menu_order":2,"comment_status":"closed","ping_status":"closed","template":"template-onecolumn.php","meta":{"footnotes":""},"class_list":["post-91","page","type-page","status-publish","hentry","nodate","item-wrap"],"_links":{"self":[{"href":"https:\/\/www.vovray-en-bornes.fr\/index.php?rest_route=\/wp\/v2\/pages\/91","targetHints":{"allow":["GET"]}}],"collection":[{"href":"https:\/\/www.vovray-en-bornes.fr\/index.php?rest_route=\/wp\/v2\/pages"}],"about":[{"href":"https:\/\/www.vovray-en-bornes.fr\/index.php?rest_route=\/wp\/v2\/types\/page"}],"author":[{"embeddable":true,"href":"https:\/\/www.vovray-en-bornes.fr\/index.php?rest_route=\/wp\/v2\/users\/1"}],"replies":[{"embeddable":true,"href":"https:\/\/www.vovray-en-bornes.fr\/index.php?rest_route=%2Fwp%2Fv2%2Fcomments&post=91"}],"version-history":[{"count":4,"href":"https:\/\/www.vovray-en-bornes.fr\/index.php?rest_route=\/wp\/v2\/pages\/91\/revisions"}],"predecessor-version":[{"id":2858,"href":"https:\/\/www.vovray-en-bornes.fr\/index.php?rest_route=\/wp\/v2\/pages\/91\/revisions\/2858"}],"up":[{"embeddable":true,"href":"https:\/\/www.vovray-en-bornes.fr\/index.php?rest_route=\/wp\/v2\/pages\/89"}],"wp:attachment":[{"href":"https:\/\/www.vovray-en-bornes.fr\/index.php?rest_route=%2Fwp%2Fv2%2Fmedia&parent=91"}],"curies":[{"name":"wp","href":"https:\/\/api.w.org\/{rel}","templated":true}]}}