{"id":66,"date":"2012-05-26T21:18:52","date_gmt":"2012-05-26T21:18:52","guid":{"rendered":"http:\/\/vovray.sansvirus-info.fr\/?page_id=66"},"modified":"2021-03-26T07:18:07","modified_gmt":"2021-03-26T07:18:07","slug":"urbanisme","status":"publish","type":"page","link":"https:\/\/www.vovray-en-bornes.fr\/?page_id=66","title":{"rendered":"Urbanisme"},"content":{"rendered":"<p>Le Plan Local d&rsquo;Urbanisme a \u00e9t\u00e9 approuv\u00e9 par d\u00e9lib\u00e9ration n\u00b020190305 du 11 avril 2019.<\/p>\n<p>Vous pouvez consulter les documents dans le dossier PLU.<\/p>\n","protected":false},"excerpt":{"rendered":"<p>Le Plan Local d&rsquo;Urbanisme a \u00e9t\u00e9 approuv\u00e9 par d\u00e9lib\u00e9ration n\u00b020190305 du 11 avril 2019. Vous pouvez consulter les documents dans le dossier PLU.<\/p>\n","protected":false},"author":1,"featured_media":0,"parent":36,"menu_order":3,"comment_status":"closed","ping_status":"closed","template":"template-onecolumn.php","meta":{"footnotes":""},"class_list":["post-66","page","type-page","status-publish","hentry","nodate","item-wrap"],"_links":{"self":[{"href":"https:\/\/www.vovray-en-bornes.fr\/index.php?rest_route=\/wp\/v2\/pages\/66","targetHints":{"allow":["GET"]}}],"collection":[{"href":"https:\/\/www.vovray-en-bornes.fr\/index.php?rest_route=\/wp\/v2\/pages"}],"about":[{"href":"https:\/\/www.vovray-en-bornes.fr\/index.php?rest_route=\/wp\/v2\/types\/page"}],"author":[{"embeddable":true,"href":"https:\/\/www.vovray-en-bornes.fr\/index.php?rest_route=\/wp\/v2\/users\/1"}],"replies":[{"embeddable":true,"href":"https:\/\/www.vovray-en-bornes.fr\/index.php?rest_route=%2Fwp%2Fv2%2Fcomments&post=66"}],"version-history":[{"count":2,"href":"https:\/\/www.vovray-en-bornes.fr\/index.php?rest_route=\/wp\/v2\/pages\/66\/revisions"}],"predecessor-version":[{"id":2098,"href":"https:\/\/www.vovray-en-bornes.fr\/index.php?rest_route=\/wp\/v2\/pages\/66\/revisions\/2098"}],"up":[{"embeddable":true,"href":"https:\/\/www.vovray-en-bornes.fr\/index.php?rest_route=\/wp\/v2\/pages\/36"}],"wp:attachment":[{"href":"https:\/\/www.vovray-en-bornes.fr\/index.php?rest_route=%2Fwp%2Fv2%2Fmedia&parent=66"}],"curies":[{"name":"wp","href":"https:\/\/api.w.org\/{rel}","templated":true}]}}