{"id":636,"date":"2014-05-13T11:53:04","date_gmt":"2014-05-13T11:53:04","guid":{"rendered":"http:\/\/www.vovray-en-bornes.fr\/?page_id=636"},"modified":"2014-05-13T12:05:32","modified_gmt":"2014-05-13T12:05:32","slug":"les-imprimes","status":"publish","type":"page","link":"https:\/\/www.vovray-en-bornes.fr\/?page_id=636","title":{"rendered":"Les imprim\u00e9s"},"content":{"rendered":"<p>Les imprim\u00e9s d&rsquo;urbanisme sont t\u00e9l\u00e9chargeables sur <a href=\"http:\/\/vosdroits.service-public.fr\">http:\/\/vosdroits.service-public.fr\u00a0<\/a><a href=\"http:\/\/vosdroits.service-public.fr\">(rubrique<\/a> logement, urbanisme).<\/p>\n<p>&nbsp;<\/p>\n","protected":false},"excerpt":{"rendered":"<p>Les imprim\u00e9s d&rsquo;urbanisme sont t\u00e9l\u00e9chargeables sur http:\/\/vosdroits.service-public.fr\u00a0(rubrique logement, urbanisme). &nbsp;<\/p>\n","protected":false},"author":1,"featured_media":0,"parent":66,"menu_order":0,"comment_status":"closed","ping_status":"closed","template":"","meta":{"footnotes":""},"class_list":["post-636","page","type-page","status-publish","hentry","nodate","item-wrap"],"_links":{"self":[{"href":"https:\/\/www.vovray-en-bornes.fr\/index.php?rest_route=\/wp\/v2\/pages\/636","targetHints":{"allow":["GET"]}}],"collection":[{"href":"https:\/\/www.vovray-en-bornes.fr\/index.php?rest_route=\/wp\/v2\/pages"}],"about":[{"href":"https:\/\/www.vovray-en-bornes.fr\/index.php?rest_route=\/wp\/v2\/types\/page"}],"author":[{"embeddable":true,"href":"https:\/\/www.vovray-en-bornes.fr\/index.php?rest_route=\/wp\/v2\/users\/1"}],"replies":[{"embeddable":true,"href":"https:\/\/www.vovray-en-bornes.fr\/index.php?rest_route=%2Fwp%2Fv2%2Fcomments&post=636"}],"version-history":[{"count":5,"href":"https:\/\/www.vovray-en-bornes.fr\/index.php?rest_route=\/wp\/v2\/pages\/636\/revisions"}],"predecessor-version":[{"id":642,"href":"https:\/\/www.vovray-en-bornes.fr\/index.php?rest_route=\/wp\/v2\/pages\/636\/revisions\/642"}],"up":[{"embeddable":true,"href":"https:\/\/www.vovray-en-bornes.fr\/index.php?rest_route=\/wp\/v2\/pages\/66"}],"wp:attachment":[{"href":"https:\/\/www.vovray-en-bornes.fr\/index.php?rest_route=%2Fwp%2Fv2%2Fmedia&parent=636"}],"curies":[{"name":"wp","href":"https:\/\/api.w.org\/{rel}","templated":true}]}}