{"id":443,"date":"2013-09-30T13:04:41","date_gmt":"2013-09-30T13:04:41","guid":{"rendered":"http:\/\/www.vovray-en-bornes.fr\/?page_id=443"},"modified":"2021-03-26T07:41:24","modified_gmt":"2021-03-26T07:41:24","slug":"recensement-militaire","status":"publish","type":"page","link":"https:\/\/www.vovray-en-bornes.fr\/?page_id=443","title":{"rendered":"Recensement militaire"},"content":{"rendered":"<p>Tous les jeunes fran\u00e7ais (hommes et femmes) ayant atteint&nbsp;&lsquo;\u00e2ge de 16 ans&nbsp;doivent se faire recenser&nbsp;entre le jour de leur 16\u00e8me anniversaire et le dernier jour du 3\u00e8me mois qui suit celui de son anniversaire. Si le d\u00e9lai est pass\u00e9, il est possible de r\u00e9gulariser la situation.<\/p>\n<p>Vous \u00eates pri\u00e9s de vous pr\u00e9senter en mairie muni d&rsquo;une pi\u00e8ce d&rsquo;identit\u00e9 et du livret de famille.<\/p>\n<p>L&rsquo;attestation d\u00e9livr\u00e9e sera obligatoire pour pr\u00e9senter les concours et examens publics (dont le concours).<\/p>\n<p>Le recensement permet \u00e0 l&rsquo;administration de convoquer le jeune pour qu&rsquo;il effectue<strong> la journ\u00e9e d\u00e9fense et citoyennet\u00e9<\/strong>.<\/p>\n","protected":false},"excerpt":{"rendered":"<p>Tous les jeunes fran\u00e7ais (hommes et femmes) ayant atteint&nbsp;&lsquo;\u00e2ge de 16 ans&nbsp;doivent se faire recenser&nbsp;entre le jour de leur 16\u00e8me anniversaire et le dernier jour du 3\u00e8me mois qui suit celui de son anniversaire. Si le d\u00e9lai est pass\u00e9, il est possible de r\u00e9gulariser la situation. Vous \u00eates pri\u00e9s de vous pr\u00e9senter en mairie muni &hellip; <\/p>\n<p><a class=\"more-link btn\" href=\"https:\/\/www.vovray-en-bornes.fr\/?page_id=443\">Lire la suite<\/a><\/p>\n","protected":false},"author":1,"featured_media":0,"parent":89,"menu_order":3,"comment_status":"closed","ping_status":"closed","template":"","meta":{"footnotes":""},"class_list":["post-443","page","type-page","status-publish","hentry","nodate","item-wrap"],"_links":{"self":[{"href":"https:\/\/www.vovray-en-bornes.fr\/index.php?rest_route=\/wp\/v2\/pages\/443","targetHints":{"allow":["GET"]}}],"collection":[{"href":"https:\/\/www.vovray-en-bornes.fr\/index.php?rest_route=\/wp\/v2\/pages"}],"about":[{"href":"https:\/\/www.vovray-en-bornes.fr\/index.php?rest_route=\/wp\/v2\/types\/page"}],"author":[{"embeddable":true,"href":"https:\/\/www.vovray-en-bornes.fr\/index.php?rest_route=\/wp\/v2\/users\/1"}],"replies":[{"embeddable":true,"href":"https:\/\/www.vovray-en-bornes.fr\/index.php?rest_route=%2Fwp%2Fv2%2Fcomments&post=443"}],"version-history":[{"count":3,"href":"https:\/\/www.vovray-en-bornes.fr\/index.php?rest_route=\/wp\/v2\/pages\/443\/revisions"}],"predecessor-version":[{"id":2882,"href":"https:\/\/www.vovray-en-bornes.fr\/index.php?rest_route=\/wp\/v2\/pages\/443\/revisions\/2882"}],"up":[{"embeddable":true,"href":"https:\/\/www.vovray-en-bornes.fr\/index.php?rest_route=\/wp\/v2\/pages\/89"}],"wp:attachment":[{"href":"https:\/\/www.vovray-en-bornes.fr\/index.php?rest_route=%2Fwp%2Fv2%2Fmedia&parent=443"}],"curies":[{"name":"wp","href":"https:\/\/api.w.org\/{rel}","templated":true}]}}