{"id":435,"date":"2013-08-23T06:29:59","date_gmt":"2013-08-23T06:29:59","guid":{"rendered":"http:\/\/www.vovray-en-bornes.fr\/?page_id=435"},"modified":"2015-03-06T10:00:05","modified_gmt":"2015-03-06T10:00:05","slug":"maison-du-saleve-syndicat-mixte-du-saleve","status":"publish","type":"page","link":"https:\/\/www.vovray-en-bornes.fr\/?page_id=435","title":{"rendered":"Maison du Sal\u00e8ve &#8211; Syndicat Mixte du Sal\u00e8ve"},"content":{"rendered":"<p><b><span style=\"color: #000000;\">\u00a0Bienvenue aux curieux de toute nature !\u00a0<\/span><\/b><br \/>\n<span style=\"color: #000000;\"><br \/>\n<\/span>Venez d\u00e9couvrir la Maison du Sal\u00e8ve, un site culturel chaleureux et vivant entre Annecy et Gen\u00e8ve. <span style=\"color: #000000;\">Expositions, visites guid\u00e9es, ateliers, sorties nature, toutes les excuses sont bonnes pour d\u00e9couvrir la montagne du Sal\u00e8ve et son territoire. Apr\u00e8s la visite vous pouvez pique-niquer dans le jardin et, pourquoi pas, suivre le parcours d\u00e9couverte qui emprunte le sentier de Saint-Jacques de Compostelle? <\/span><span style=\"color: #000000;\">\u00a0<\/span><span style=\"color: #000000;\">Venez partager des bons moments en famille\u00a0! D\u00e9couvrez le programme complet de nos animations sur <\/span><a href=\"http:\/\/www.maisondusaleve.com\/\"><span style=\"text-decoration: underline;\">www.maisondusaleve.com<\/span><\/a><span style=\"color: #000000;\">. Informations et inscriptions aux animations au 04.50.95.92.16 ou info@maisondusaleve.com<\/span><\/p>\n<p align=\"center\"><b><span style=\"color: #000000; font-family: Calibri; font-size: medium;\">INFOS PRATIQUES<\/span><\/b><\/p>\n<p align=\"center\"><span style=\"color: #000000; font-family: Calibri; font-size: medium;\">La Maison du Sal\u00e8ve \/ 775, route de Mikerne \/ 74160 Pr\u00e9silly &#8211; France<\/span><\/p>\n<p align=\"center\"><span style=\"color: #000000; font-family: Calibri; font-size: medium;\">www.maisondusaleve.com<\/span><\/p>\n<p align=\"center\"><span style=\"color: #000000; font-family: Calibri; font-size: medium;\">R\u00e9servations et contact\u00a0: +33 (0)4 50 95 92 16 \/ <\/span><a href=\"mailto:info@maisondusaleve.com\"><span style=\"text-decoration: underline;\"><span style=\"font-family: Times New Roman; font-size: medium;\">info@maisondusaleve.com<\/span><\/span><\/a><\/p>\n<p align=\"center\"><span style=\"color: #000000; font-family: Calibri; font-size: medium;\">\u00a0<\/span><\/p>\n<p align=\"center\"><b><span style=\"color: #000000; font-family: Calibri; font-size: medium;\">Horaires d\u2019ouverture<\/span><\/b><\/p>\n<p align=\"center\"><span style=\"color: #000000; font-family: Calibri; font-size: medium;\">Septembre \u00e0 juin : du mercredi au dimanche de 14h \u00e0 18h<\/span><\/p>\n<p align=\"center\"><span style=\"color: #000000; font-family: Calibri; font-size: medium;\">Juillet et ao\u00fbt : tous les jours de 10h \u00e0 18h<\/span><\/p>\n<p align=\"center\"><span style=\"color: #000000;\"><a href=\"http:\/\/www.vovray-en-bornes.fr\/wp-content\/uploads\/2013\/08\/d\u00e9pliantANIMautomnehiver14-15.pdf\"><strong><span style=\"font-family: Arial; font-size: small;\">d\u00e9pliantANIMautomnehiver14-15<\/span><\/strong><\/a><\/span><\/p>\n<p align=\"center\">\n","protected":false},"excerpt":{"rendered":"<p>\u00a0Bienvenue aux curieux de toute nature !\u00a0 Venez d\u00e9couvrir la Maison du Sal\u00e8ve, un site culturel chaleureux et vivant entre Annecy et Gen\u00e8ve. Expositions, visites guid\u00e9es, ateliers, sorties nature, toutes les excuses sont bonnes pour d\u00e9couvrir la montagne du Sal\u00e8ve et son territoire. Apr\u00e8s la visite vous pouvez pique-niquer dans le jardin et, pourquoi pas, &hellip; <\/p>\n<p><a class=\"more-link btn\" href=\"https:\/\/www.vovray-en-bornes.fr\/?page_id=435\">Lire la suite<\/a><\/p>\n","protected":false},"author":1,"featured_media":0,"parent":99,"menu_order":0,"comment_status":"closed","ping_status":"closed","template":"","meta":{"footnotes":""},"class_list":["post-435","page","type-page","status-publish","hentry","nodate","item-wrap"],"_links":{"self":[{"href":"https:\/\/www.vovray-en-bornes.fr\/index.php?rest_route=\/wp\/v2\/pages\/435","targetHints":{"allow":["GET"]}}],"collection":[{"href":"https:\/\/www.vovray-en-bornes.fr\/index.php?rest_route=\/wp\/v2\/pages"}],"about":[{"href":"https:\/\/www.vovray-en-bornes.fr\/index.php?rest_route=\/wp\/v2\/types\/page"}],"author":[{"embeddable":true,"href":"https:\/\/www.vovray-en-bornes.fr\/index.php?rest_route=\/wp\/v2\/users\/1"}],"replies":[{"embeddable":true,"href":"https:\/\/www.vovray-en-bornes.fr\/index.php?rest_route=%2Fwp%2Fv2%2Fcomments&post=435"}],"version-history":[{"count":4,"href":"https:\/\/www.vovray-en-bornes.fr\/index.php?rest_route=\/wp\/v2\/pages\/435\/revisions"}],"predecessor-version":[{"id":839,"href":"https:\/\/www.vovray-en-bornes.fr\/index.php?rest_route=\/wp\/v2\/pages\/435\/revisions\/839"}],"up":[{"embeddable":true,"href":"https:\/\/www.vovray-en-bornes.fr\/index.php?rest_route=\/wp\/v2\/pages\/99"}],"wp:attachment":[{"href":"https:\/\/www.vovray-en-bornes.fr\/index.php?rest_route=%2Fwp%2Fv2%2Fmedia&parent=435"}],"curies":[{"name":"wp","href":"https:\/\/api.w.org\/{rel}","templated":true}]}}