{"id":40,"date":"2012-05-26T21:13:07","date_gmt":"2012-05-26T21:13:07","guid":{"rendered":"http:\/\/vovray.sansvirus-info.fr\/?page_id=40"},"modified":"2023-06-29T12:13:51","modified_gmt":"2023-06-29T12:13:51","slug":"horraire-douverture","status":"publish","type":"page","link":"https:\/\/www.vovray-en-bornes.fr\/?page_id=40","title":{"rendered":"Horaire  d&rsquo;ouverture"},"content":{"rendered":"<div>\n<p style=\"text-align: center;\">Le personnel de la mairie vous accueille<\/p>\n<p style=\"text-align: center;\">-* le mardi de 14h \u00e0 18h<\/p>\n<p style=\"text-align: center;\">-* le jeudi de 9h \u00e0 12h<\/p>\n<p style=\"text-align: center;\">-* le vendredi de 9h \u00e0 12h.<\/p>\n<\/div>\n\n\n<figure class=\"wp-block-image\"><img loading=\"lazy\" decoding=\"async\" width=\"724\" height=\"1024\" src=\"http:\/\/www.vovray-en-bornes.fr\/wp-content\/uploads\/2023\/06\/20230629121155_00001-724x1024.jpg\" alt=\"\" class=\"wp-image-4520\" srcset=\"https:\/\/www.vovray-en-bornes.fr\/wp-content\/uploads\/2023\/06\/20230629121155_00001-724x1024.jpg 724w, https:\/\/www.vovray-en-bornes.fr\/wp-content\/uploads\/2023\/06\/20230629121155_00001-212x300.jpg 212w, https:\/\/www.vovray-en-bornes.fr\/wp-content\/uploads\/2023\/06\/20230629121155_00001-768x1086.jpg 768w, https:\/\/www.vovray-en-bornes.fr\/wp-content\/uploads\/2023\/06\/20230629121155_00001-750x1061.jpg 750w\" sizes=\"auto, (max-width: 724px) 100vw, 724px\" \/><\/figure>\n","protected":false},"excerpt":{"rendered":"<p>Le personnel de la mairie vous accueille -* le mardi de 14h \u00e0 18h -* le jeudi de 9h \u00e0 12h -* le vendredi de 9h \u00e0 12h.<\/p>\n","protected":false},"author":1,"featured_media":0,"parent":38,"menu_order":1,"comment_status":"closed","ping_status":"closed","template":"template-onecolumn.php","meta":{"footnotes":""},"class_list":["post-40","page","type-page","status-publish","hentry","nodate","item-wrap"],"_links":{"self":[{"href":"https:\/\/www.vovray-en-bornes.fr\/index.php?rest_route=\/wp\/v2\/pages\/40","targetHints":{"allow":["GET"]}}],"collection":[{"href":"https:\/\/www.vovray-en-bornes.fr\/index.php?rest_route=\/wp\/v2\/pages"}],"about":[{"href":"https:\/\/www.vovray-en-bornes.fr\/index.php?rest_route=\/wp\/v2\/types\/page"}],"author":[{"embeddable":true,"href":"https:\/\/www.vovray-en-bornes.fr\/index.php?rest_route=\/wp\/v2\/users\/1"}],"replies":[{"embeddable":true,"href":"https:\/\/www.vovray-en-bornes.fr\/index.php?rest_route=%2Fwp%2Fv2%2Fcomments&post=40"}],"version-history":[{"count":11,"href":"https:\/\/www.vovray-en-bornes.fr\/index.php?rest_route=\/wp\/v2\/pages\/40\/revisions"}],"predecessor-version":[{"id":4566,"href":"https:\/\/www.vovray-en-bornes.fr\/index.php?rest_route=\/wp\/v2\/pages\/40\/revisions\/4566"}],"up":[{"embeddable":true,"href":"https:\/\/www.vovray-en-bornes.fr\/index.php?rest_route=\/wp\/v2\/pages\/38"}],"wp:attachment":[{"href":"https:\/\/www.vovray-en-bornes.fr\/index.php?rest_route=%2Fwp%2Fv2%2Fmedia&parent=40"}],"curies":[{"name":"wp","href":"https:\/\/api.w.org\/{rel}","templated":true}]}}