{"id":3214,"date":"2021-08-24T15:33:37","date_gmt":"2021-08-24T15:33:37","guid":{"rendered":"http:\/\/www.vovray-en-bornes.fr\/?page_id=3214"},"modified":"2021-08-24T15:36:06","modified_gmt":"2021-08-24T15:36:06","slug":"le-comite-des-fetes","status":"publish","type":"page","link":"https:\/\/www.vovray-en-bornes.fr\/?page_id=3214","title":{"rendered":"Le comit\u00e9 des f\u00eates"},"content":{"rendered":"\n<p>Pour conna\u00eetre les activit\u00e9s du comit\u00e9 des f\u00eates, vous pouvez les suivre sur leur page facebook.<\/p>\n","protected":false},"excerpt":{"rendered":"<p>Pour conna\u00eetre les activit\u00e9s du comit\u00e9 des f\u00eates, vous pouvez les suivre sur leur page facebook.<\/p>\n","protected":false},"author":1,"featured_media":0,"parent":2861,"menu_order":0,"comment_status":"closed","ping_status":"closed","template":"","meta":{"footnotes":""},"class_list":["post-3214","page","type-page","status-publish","hentry","nodate","item-wrap"],"_links":{"self":[{"href":"https:\/\/www.vovray-en-bornes.fr\/index.php?rest_route=\/wp\/v2\/pages\/3214","targetHints":{"allow":["GET"]}}],"collection":[{"href":"https:\/\/www.vovray-en-bornes.fr\/index.php?rest_route=\/wp\/v2\/pages"}],"about":[{"href":"https:\/\/www.vovray-en-bornes.fr\/index.php?rest_route=\/wp\/v2\/types\/page"}],"author":[{"embeddable":true,"href":"https:\/\/www.vovray-en-bornes.fr\/index.php?rest_route=\/wp\/v2\/users\/1"}],"replies":[{"embeddable":true,"href":"https:\/\/www.vovray-en-bornes.fr\/index.php?rest_route=%2Fwp%2Fv2%2Fcomments&post=3214"}],"version-history":[{"count":2,"href":"https:\/\/www.vovray-en-bornes.fr\/index.php?rest_route=\/wp\/v2\/pages\/3214\/revisions"}],"predecessor-version":[{"id":3216,"href":"https:\/\/www.vovray-en-bornes.fr\/index.php?rest_route=\/wp\/v2\/pages\/3214\/revisions\/3216"}],"up":[{"embeddable":true,"href":"https:\/\/www.vovray-en-bornes.fr\/index.php?rest_route=\/wp\/v2\/pages\/2861"}],"wp:attachment":[{"href":"https:\/\/www.vovray-en-bornes.fr\/index.php?rest_route=%2Fwp%2Fv2%2Fmedia&parent=3214"}],"curies":[{"name":"wp","href":"https:\/\/api.w.org\/{rel}","templated":true}]}}