{"id":3005,"date":"2021-03-26T09:01:01","date_gmt":"2021-03-26T09:01:01","guid":{"rendered":"http:\/\/www.vovray-en-bornes.fr\/?page_id=3005"},"modified":"2021-04-01T06:42:21","modified_gmt":"2021-04-01T06:42:21","slug":"__trashed","status":"publish","type":"page","link":"https:\/\/www.vovray-en-bornes.fr\/","title":{"rendered":"Vovray en Bornes"},"content":{"rendered":"\n<figure class=\"wp-block-image is-resized\"><img loading=\"lazy\" decoding=\"async\" src=\"http:\/\/www.vovray-en-bornes.fr\/wp-content\/uploads\/2021\/03\/BLASON_VOVRAY.gif\" alt=\"\" class=\"wp-image-3012\" width=\"55\" height=\"59\"\/><\/figure>\n\n\n\n<p>Commune de la Communaut\u00e9 de Communes du Pays de Cruseilles, Vovray-en-Bornes&nbsp;est implant\u00e9e sur le flanc Est du Sal\u00e8ve, les pieds dans la rivi\u00e8re des Usses. <\/p>\n\n\n\n<p>L\u2019altitude varie entre 675 m\u00e8tres et 1348 m\u00e8tres. L\u2019alpage du Plan, aujourd\u2019hui propri\u00e9t\u00e9 du Conseil G\u00e9n\u00e9ral, est le point culminant, lieu qui offre un panorama superbe sur la cha\u00eene des Alpes avec le Mont-Blanc en point de mire. <\/p>\n\n\n\n<p>C\u2019est un village qui a su garder sa simplicit\u00e9 rurale malgr\u00e9 une population qui a doubl\u00e9 en 10 ans, 541 habitants aujourd&rsquo;hui. Vovray garde l\u2019identit\u00e9 d\u2019un village rural savoyard avec son c\u0153ur de village prot\u00e9g\u00e9 et ses 8 hameaux (Rogin, la Mouille, Le Vernet, Le Ch\u00e2teau, Sallanjoux, chez Body, chez Vardon, chez Qu\u00e9tand ), toujours tr\u00e8s lisible, fruit d\u2019une pr\u00e9servation raisonn\u00e9e. Vovray s\u2019appuie sur une agriculture dynamique au sein d\u2019espaces ouverts prot\u00e9g\u00e9s : 3 fermes importantes&nbsp; avec une production laiti\u00e8re en zone AOC reblochon. Quelques professions ind\u00e9pendantes et artisanales s\u2019y ajoutent.<\/p>\n\n\n\n<p> Vovray&nbsp; est tr\u00e8s int\u00e9ressante par sa position : \u00e0 5 km de toutes les commodit\u00e9s et le calme trouve encore sa place dans cette belle campagne. <\/p>\n\n\n\n<p>&nbsp;Avec l\u2019arriv\u00e9e d\u2019un nombre important de familles avec enfants, un groupe scolaire intercommunale a \u00e9t\u00e9 construit (rentr\u00e9e 2019). Il accueille tous les enfants de Vovray et du Sappey (de la petite section au CM 2). La salle polyvalente a \u00e9t\u00e9 r\u00e9habilit\u00e9e pour accueillir les locaux p\u00e9riscolaires (cantine et garderie). <\/p>\n\n\n\n<p>Le patrimoine naturel de notre commune s\u2019appuie sur de magnifiques paysages de Belledonne aux Alpes Suisse avec pleine vue sur le Mont Blanc \u00e9videmment ! Le Sal\u00e8ve, montagne de proximit\u00e9, est \u00e0 la port\u00e9e de tous avec de nombreux sentiers. Des carri\u00e8res de sable de Silice sont aussi une particularit\u00e9 de Vovray. Les Sables des 3 couleurs sont riches de leur histoire, d\u00e8s le V\u00e8me si\u00e8cle ils sont utilis\u00e9s. Un calvaire m\u00e9dieval, une chapelle de 1860, une petite \u00e9glise coquette, quelques bassins, des croix et oratoires, sont \u00e0 remarquer. On trouve toujours de gros corps de maison \u00ab \u00e0 l\u2019ancienne \u00bb. Le c\u0153ur du village est typique avec \u00e9glise, ancienne \u00e9cole, ancien presbyt\u00e8re, caf\u00e9. Vovray se trouve aussi sur le Plateau des Bornes. Ce territoire est accompagn\u00e9 politiquement pour sa richesse en zones humides.\u00a0 <\/p>\n\n\n\n<p> A Vovray, il fait bon vivre. Venez voir ! <\/p>\n\n\n\n<p><\/p>\n","protected":false},"excerpt":{"rendered":"<p>Commune de la Communaut\u00e9 de Communes du Pays de Cruseilles, Vovray-en-Bornes&nbsp;est implant\u00e9e sur le flanc Est du Sal\u00e8ve, les pieds dans la rivi\u00e8re des Usses. L\u2019altitude varie entre 675 m\u00e8tres et 1348 m\u00e8tres. L\u2019alpage du Plan, aujourd\u2019hui propri\u00e9t\u00e9 du Conseil G\u00e9n\u00e9ral, est le point culminant, lieu qui offre un panorama superbe sur la cha\u00eene des &hellip; <\/p>\n<p><a class=\"more-link btn\" href=\"https:\/\/www.vovray-en-bornes.fr\/\">Lire la suite<\/a><\/p>\n","protected":false},"author":1,"featured_media":0,"parent":0,"menu_order":0,"comment_status":"closed","ping_status":"closed","template":"","meta":{"footnotes":""},"class_list":["post-3005","page","type-page","status-publish","hentry","nodate","item-wrap"],"_links":{"self":[{"href":"https:\/\/www.vovray-en-bornes.fr\/index.php?rest_route=\/wp\/v2\/pages\/3005","targetHints":{"allow":["GET"]}}],"collection":[{"href":"https:\/\/www.vovray-en-bornes.fr\/index.php?rest_route=\/wp\/v2\/pages"}],"about":[{"href":"https:\/\/www.vovray-en-bornes.fr\/index.php?rest_route=\/wp\/v2\/types\/page"}],"author":[{"embeddable":true,"href":"https:\/\/www.vovray-en-bornes.fr\/index.php?rest_route=\/wp\/v2\/users\/1"}],"replies":[{"embeddable":true,"href":"https:\/\/www.vovray-en-bornes.fr\/index.php?rest_route=%2Fwp%2Fv2%2Fcomments&post=3005"}],"version-history":[{"count":8,"href":"https:\/\/www.vovray-en-bornes.fr\/index.php?rest_route=\/wp\/v2\/pages\/3005\/revisions"}],"predecessor-version":[{"id":3025,"href":"https:\/\/www.vovray-en-bornes.fr\/index.php?rest_route=\/wp\/v2\/pages\/3005\/revisions\/3025"}],"wp:attachment":[{"href":"https:\/\/www.vovray-en-bornes.fr\/index.php?rest_route=%2Fwp%2Fv2%2Fmedia&parent=3005"}],"curies":[{"name":"wp","href":"https:\/\/api.w.org\/{rel}","templated":true}]}}