{"id":2836,"date":"2021-02-01T07:26:15","date_gmt":"2021-02-01T07:26:15","guid":{"rendered":"http:\/\/www.vovray-en-bornes.fr\/?page_id=2836"},"modified":"2022-11-04T11:05:10","modified_gmt":"2022-11-04T11:05:10","slug":"salle-polyvalente","status":"publish","type":"page","link":"https:\/\/www.vovray-en-bornes.fr\/?page_id=2836","title":{"rendered":"Salle polyvalente"},"content":{"rendered":"\n<p>Le Conseil municipal a d\u00e9lib\u00e9r\u00e9 le 17 octobre 2022 sur les modifications du r\u00e8glement de la salle polyvalente. Par cons\u00e9quent, la location s&rsquo;\u00e9l\u00e8ve \u00e0 200 \u20ac ou 350 \u20ac pour le 31 d\u00e9cembre.<\/p>\n","protected":false},"excerpt":{"rendered":"<p>Le Conseil municipal a d\u00e9lib\u00e9r\u00e9 le 17 octobre 2022 sur les modifications du r\u00e8glement de la salle polyvalente. Par cons\u00e9quent, la location s&rsquo;\u00e9l\u00e8ve \u00e0 200 \u20ac ou 350 \u20ac pour le 31 d\u00e9cembre.<\/p>\n","protected":false},"author":1,"featured_media":0,"parent":99,"menu_order":4,"comment_status":"closed","ping_status":"closed","template":"","meta":{"footnotes":""},"class_list":["post-2836","page","type-page","status-publish","hentry","nodate","item-wrap"],"_links":{"self":[{"href":"https:\/\/www.vovray-en-bornes.fr\/index.php?rest_route=\/wp\/v2\/pages\/2836","targetHints":{"allow":["GET"]}}],"collection":[{"href":"https:\/\/www.vovray-en-bornes.fr\/index.php?rest_route=\/wp\/v2\/pages"}],"about":[{"href":"https:\/\/www.vovray-en-bornes.fr\/index.php?rest_route=\/wp\/v2\/types\/page"}],"author":[{"embeddable":true,"href":"https:\/\/www.vovray-en-bornes.fr\/index.php?rest_route=\/wp\/v2\/users\/1"}],"replies":[{"embeddable":true,"href":"https:\/\/www.vovray-en-bornes.fr\/index.php?rest_route=%2Fwp%2Fv2%2Fcomments&post=2836"}],"version-history":[{"count":2,"href":"https:\/\/www.vovray-en-bornes.fr\/index.php?rest_route=\/wp\/v2\/pages\/2836\/revisions"}],"predecessor-version":[{"id":3940,"href":"https:\/\/www.vovray-en-bornes.fr\/index.php?rest_route=\/wp\/v2\/pages\/2836\/revisions\/3940"}],"up":[{"embeddable":true,"href":"https:\/\/www.vovray-en-bornes.fr\/index.php?rest_route=\/wp\/v2\/pages\/99"}],"wp:attachment":[{"href":"https:\/\/www.vovray-en-bornes.fr\/index.php?rest_route=%2Fwp%2Fv2%2Fmedia&parent=2836"}],"curies":[{"name":"wp","href":"https:\/\/api.w.org\/{rel}","templated":true}]}}