{"id":2519,"date":"2020-06-18T13:05:25","date_gmt":"2020-06-18T13:05:25","guid":{"rendered":"http:\/\/www.vovray-en-bornes.fr\/?page_id=2519"},"modified":"2021-02-01T08:37:00","modified_gmt":"2021-02-01T08:37:00","slug":"alp-tp-travaux-publics","status":"publish","type":"page","link":"https:\/\/www.vovray-en-bornes.fr\/?page_id=2519","title":{"rendered":"ALP TP. Travaux publics"},"content":{"rendered":"<p>ALP TP. Travaux publics<br \/>\n40 hameau du Saleve<br \/>\n74350 Vovray en Bornes<br \/>\nG\u00e9rant Quenot Michel 06 09 04 22 93<br \/>\nActivit\u00e9s : Terrassement, mise aux normes assainissement individuel, VRD, et am\u00e9nagements ext\u00e9rieurs<\/p>\n","protected":false},"excerpt":{"rendered":"<p>ALP TP. Travaux publics 40 hameau du Saleve 74350 Vovray en Bornes G\u00e9rant Quenot Michel 06 09 04 22 93 Activit\u00e9s : Terrassement, mise aux normes assainissement individuel, VRD, et am\u00e9nagements ext\u00e9rieurs<\/p>\n","protected":false},"author":1,"featured_media":0,"parent":117,"menu_order":0,"comment_status":"closed","ping_status":"closed","template":"","meta":{"footnotes":""},"class_list":["post-2519","page","type-page","status-publish","hentry","nodate","item-wrap"],"_links":{"self":[{"href":"https:\/\/www.vovray-en-bornes.fr\/index.php?rest_route=\/wp\/v2\/pages\/2519","targetHints":{"allow":["GET"]}}],"collection":[{"href":"https:\/\/www.vovray-en-bornes.fr\/index.php?rest_route=\/wp\/v2\/pages"}],"about":[{"href":"https:\/\/www.vovray-en-bornes.fr\/index.php?rest_route=\/wp\/v2\/types\/page"}],"author":[{"embeddable":true,"href":"https:\/\/www.vovray-en-bornes.fr\/index.php?rest_route=\/wp\/v2\/users\/1"}],"replies":[{"embeddable":true,"href":"https:\/\/www.vovray-en-bornes.fr\/index.php?rest_route=%2Fwp%2Fv2%2Fcomments&post=2519"}],"version-history":[{"count":1,"href":"https:\/\/www.vovray-en-bornes.fr\/index.php?rest_route=\/wp\/v2\/pages\/2519\/revisions"}],"predecessor-version":[{"id":2520,"href":"https:\/\/www.vovray-en-bornes.fr\/index.php?rest_route=\/wp\/v2\/pages\/2519\/revisions\/2520"}],"up":[{"embeddable":true,"href":"https:\/\/www.vovray-en-bornes.fr\/index.php?rest_route=\/wp\/v2\/pages\/117"}],"wp:attachment":[{"href":"https:\/\/www.vovray-en-bornes.fr\/index.php?rest_route=%2Fwp%2Fv2%2Fmedia&parent=2519"}],"curies":[{"name":"wp","href":"https:\/\/api.w.org\/{rel}","templated":true}]}}