{"id":2099,"date":"2019-04-30T10:03:10","date_gmt":"2019-04-30T10:03:10","guid":{"rendered":"http:\/\/www.vovray-en-bornes.fr\/?page_id=2099"},"modified":"2021-02-01T09:19:04","modified_gmt":"2021-02-01T09:19:04","slug":"dossier-plan-local-durbanisme","status":"publish","type":"page","link":"https:\/\/www.vovray-en-bornes.fr\/?page_id=2099","title":{"rendered":"PLU du 11 avril 2019"},"content":{"rendered":"<p><a href=\"http:\/\/www.vovray-en-bornes.fr\/wp-content\/uploads\/2019\/04\/R\u00e8glement-\u00e9crit.pdf\">R\u00e8glement \u00e9crit (r\u00e8glement des zones du PLU)<\/a><\/p>\n<p><a href=\"http:\/\/www.vovray-en-bornes.fr\/wp-content\/uploads\/2019\/04\/R\u00e8glement-Graphique.pdf\">R\u00e8glement Graphique (plan de zonage)<\/a><\/p>\n<p><a href=\"http:\/\/www.vovray-en-bornes.fr\/wp-content\/uploads\/2019\/04\/Orientations-dam\u00e9nagement-et-de-programmation.pdf\">&lsquo;am\u00e9nagement et de programmation<\/a><\/p>\n<p>ANNEXES SANITAIRES :<\/p>\n<p><a href=\"http:\/\/www.vovray-en-bornes.fr\/wp-content\/uploads\/2019\/05\/Plan-des-servitudes-dutilit\u00e9-publique.pdf\">&lsquo;utilit\u00e9 publique<\/a><\/p>\n<p><a href=\"http:\/\/www.vovray-en-bornes.fr\/wp-content\/uploads\/2019\/05\/AS_AEP_Vovray-en-Bornes-4000.pdf\">AS_AEP_Vovray-en-Bornes-4000<\/a><\/p>\n<p><a href=\"http:\/\/www.vovray-en-bornes.fr\/wp-content\/uploads\/2019\/05\/AS_EP_Diag_Vovray-en-Bornes-4000-Diag.pdf\">AS_EP_Diag_Vovray-en-Bornes-4000 Diag<\/a><\/p>\n<p><a href=\"http:\/\/www.vovray-en-bornes.fr\/wp-content\/uploads\/2019\/05\/AS_EP_Reg_Vovray-en-Bornes-4000-Reg.pdf\">AS_EP_Reg_Vovray-en-Bornes-4000 Reg<\/a><\/p>\n<p><a href=\"http:\/\/www.vovray-en-bornes.fr\/wp-content\/uploads\/2019\/05\/AS_EP_Tvx_Vovray-en-Bornes-4000-Tvx.pdf\">AS_EP_Tvx_Vovray-en-Bornes-4000 Tvx<\/a><\/p>\n<p><a href=\"http:\/\/www.vovray-en-bornes.fr\/wp-content\/uploads\/2019\/05\/AS_EU_Vovray-en-Bornes-4000.pdf\">AS_EU_Vovray-en-Bornes-4000<\/a> <a href=\"http:\/\/www.vovray-en-bornes.fr\/wp-content\/uploads\/2019\/05\/notice_AS_PLU_Vovray-en-Bornes.pdf\">no<\/a><\/p>\n<p><a href=\"http:\/\/www.vovray-en-bornes.fr\/wp-content\/uploads\/2019\/05\/notice_AS_PLU_Vovray-en-Bornes.pdf\">tice_AS_PLU_Vovray-en-Bornes<\/a><\/p>\n","protected":false},"excerpt":{"rendered":"<p>R\u00e8glement \u00e9crit (r\u00e8glement des zones du PLU) R\u00e8glement Graphique (plan de zonage) &lsquo;am\u00e9nagement et de programmation ANNEXES SANITAIRES : &lsquo;utilit\u00e9 publique AS_AEP_Vovray-en-Bornes-4000 AS_EP_Diag_Vovray-en-Bornes-4000 Diag AS_EP_Reg_Vovray-en-Bornes-4000 Reg AS_EP_Tvx_Vovray-en-Bornes-4000 Tvx AS_EU_Vovray-en-Bornes-4000 no tice_AS_PLU_Vovray-en-Bornes<\/p>\n","protected":false},"author":1,"featured_media":0,"parent":66,"menu_order":0,"comment_status":"closed","ping_status":"closed","template":"","meta":{"footnotes":""},"class_list":["post-2099","page","type-page","status-publish","hentry","nodate","item-wrap"],"_links":{"self":[{"href":"https:\/\/www.vovray-en-bornes.fr\/index.php?rest_route=\/wp\/v2\/pages\/2099","targetHints":{"allow":["GET"]}}],"collection":[{"href":"https:\/\/www.vovray-en-bornes.fr\/index.php?rest_route=\/wp\/v2\/pages"}],"about":[{"href":"https:\/\/www.vovray-en-bornes.fr\/index.php?rest_route=\/wp\/v2\/types\/page"}],"author":[{"embeddable":true,"href":"https:\/\/www.vovray-en-bornes.fr\/index.php?rest_route=\/wp\/v2\/users\/1"}],"replies":[{"embeddable":true,"href":"https:\/\/www.vovray-en-bornes.fr\/index.php?rest_route=%2Fwp%2Fv2%2Fcomments&post=2099"}],"version-history":[{"count":5,"href":"https:\/\/www.vovray-en-bornes.fr\/index.php?rest_route=\/wp\/v2\/pages\/2099\/revisions"}],"predecessor-version":[{"id":2872,"href":"https:\/\/www.vovray-en-bornes.fr\/index.php?rest_route=\/wp\/v2\/pages\/2099\/revisions\/2872"}],"up":[{"embeddable":true,"href":"https:\/\/www.vovray-en-bornes.fr\/index.php?rest_route=\/wp\/v2\/pages\/66"}],"wp:attachment":[{"href":"https:\/\/www.vovray-en-bornes.fr\/index.php?rest_route=%2Fwp%2Fv2%2Fmedia&parent=2099"}],"curies":[{"name":"wp","href":"https:\/\/api.w.org\/{rel}","templated":true}]}}