{"id":1528,"date":"2017-06-16T10:08:52","date_gmt":"2017-06-16T10:08:52","guid":{"rendered":"http:\/\/www.vovray-en-bornes.fr\/?page_id=1528"},"modified":"2021-02-01T07:33:51","modified_gmt":"2021-02-01T07:33:51","slug":"pole-medico-social-de-cruseilles","status":"publish","type":"page","link":"https:\/\/www.vovray-en-bornes.fr\/?page_id=1528","title":{"rendered":"P\u00f4le m\u00e9dico-social de Cruseilles"},"content":{"rendered":"<p style=\"text-align: center;\"><b>P\u00f4le M\u00e9dico-Social<br \/>\n<\/b><b>P\u00f4le de la Pr\u00e9vention et du D\u00e9veloppement Social<\/b><\/p>\n<p align=\"center\">87 route d\u2019Annecy 74350 <span style=\"color: rgb(0, 0, 0);\">CRUSEILLES<br \/>\n<\/span> <b>T\u00e9l.: 04.50.33.23.89<\/b><\/p>\n<p align=\"center\"><span style=\"font-size: medium;\"><b>Assistantes Sociales sur RDV au PMS DE CRUSEILLES, 87 route d\u2019annecy 74350 CRUSEILLES au &nbsp;<\/b><b><span style=\"color: rgb(0, 0, 0);\">04.50.33.23.89<\/span><\/b><\/span><\/p>\n<p><b><span style=\"text-decoration: underline;\">PERMANENCES&nbsp;:<\/span><\/b><\/p>\n<p><b>Service PMI (Protection Maternelle Infantile)<\/b><b> <\/b><\/p>\n<p><b>au PMS DE CRUSEILLES, 87 route d\u2019annecy 74350 CRUSEILLES au <\/b><b><span style=\"color: rgb(0, 0, 0);\">&nbsp;04.50.33.23.89<\/span><\/b><\/p>\n<p><i><span style=\"text-decoration: underline;\"><span style=\"color: rgb(0, 0, 0); font-size: medium;\">PERMANENCES&nbsp;:<\/span><\/span><\/i><\/p>\n<p><span style=\"font-size: medium;\"><span style=\"color: rgb(0, 0, 0);\">Accueils par les Infirmi\u00e8res-pu\u00e9ricultrices, <b>sans rendez-vous,<\/b> <\/span><i>Mme Ghislaine DUNAUX et &nbsp;Mme Sylvie LONG-PENE<\/i><\/span><\/p>\n<p><i><span style=\"color: rgb(0, 0, 0); font-size: medium;\">&nbsp;<\/span><\/i>\u00e0 Cruseilles<b>, <\/b>au P\u00f4le M\u00e9dico-Social<\/p>\n<p><span style=\"font-size: medium;\"><span style=\"color: rgb(0, 0, 0);\"><b><i>Jeudi <\/i><\/b>de 14h00 \u00e0 16h30<\/span><\/span><\/p>\n<p><b><span style=\"color: rgb(0, 0, 0); font-size: medium;\">&nbsp;<\/span><\/b>\u00e0 Thorens-Gli\u00e8res<b>,<\/b> \u00e0 la MJC, 129 rue des Fleuries&nbsp;:<\/p>\n<p><span style=\"font-size: medium;\"><span style=\"color: rgb(0, 0, 0);\"><b><i>Lundi <\/i><\/b><i>&nbsp;<\/i>de 9h00 \u00e0 11h30 (sf vacances scolaires de No\u00ebl et mois d\u2019Ao\u00fbt)<\/span><\/span><\/p>\n<p><b><span style=\"color: rgb(0, 0, 0); font-size: medium;\">&nbsp;<\/span><\/b><i><span style=\"text-decoration: underline;\"><span style=\"color: rgb(0, 0, 0); font-size: medium;\">CONSULTATIONS MEDICALES<\/span><\/span><\/i><\/p>\n<p><span style=\"color: rgb(0, 0, 0); font-size: medium;\">uniquement <b>sur rendez-vous&nbsp;<\/b>\u00e0 Cruseilles au P\u00f4le M\u00e9dico-Social <\/span><\/p>\n<p><span style=\"color: rgb(0, 0, 0); font-size: medium;\">&nbsp;&nbsp;&nbsp;&nbsp;&nbsp;&nbsp;&nbsp;&nbsp;&nbsp;&nbsp;&nbsp;&nbsp;&nbsp;&nbsp;&nbsp;&nbsp;&nbsp;&nbsp;&nbsp;&nbsp;&nbsp;&nbsp;&nbsp;&nbsp;&nbsp;&nbsp;&nbsp;&nbsp;&nbsp;&nbsp; <b><i>Jeudi<\/i>&nbsp; <\/b>matin de 8h30 \u00e0 11h30<\/span><\/p>\n<p><span style=\"color: rgb(0, 0, 0); font-size: medium;\">&nbsp;<\/span><b>Sage-Femme<\/b><b> <\/b><b>PMI<\/b><b>&nbsp;: <\/b><span style=\"font-size: medium;\">Mme DE SOUSA Audrey : <b>04.50.33.20.04<\/b><\/span><\/p>\n<p><b>Infirmi\u00e8re Pu\u00e9ricultrice d\u00e9di\u00e9e mission assistantes maternelles<\/b><b>&nbsp;: <\/b><span style=\"font-size: medium;\">Mme BESSON Sylvie : <b>04.50.33.20.04<\/b><\/span><\/p>\n<p><b>CAF&nbsp;Conseill\u00e8re en Economie et Familiale : <\/b>Mme LECORCHE Maud<b> <\/b><b>au 04.50.88.49.36<\/b><\/p>\n<p>&nbsp;<\/p>\n","protected":false},"excerpt":{"rendered":"<p>P\u00f4le M\u00e9dico-Social P\u00f4le de la Pr\u00e9vention et du D\u00e9veloppement Social 87 route d\u2019Annecy 74350 CRUSEILLES T\u00e9l.: 04.50.33.23.89 Assistantes Sociales sur RDV au PMS DE CRUSEILLES, 87 route d\u2019annecy 74350 CRUSEILLES au &nbsp;04.50.33.23.89 PERMANENCES&nbsp;: Service PMI (Protection Maternelle Infantile) au PMS DE CRUSEILLES, 87 route d\u2019annecy 74350 CRUSEILLES au &nbsp;04.50.33.23.89 PERMANENCES&nbsp;: Accueils par les Infirmi\u00e8res-pu\u00e9ricultrices, sans &hellip; <\/p>\n<p><a class=\"more-link btn\" href=\"https:\/\/www.vovray-en-bornes.fr\/?page_id=1528\">Lire la suite<\/a><\/p>\n","protected":false},"author":1,"featured_media":0,"parent":2838,"menu_order":0,"comment_status":"closed","ping_status":"closed","template":"","meta":{"footnotes":""},"class_list":["post-1528","page","type-page","status-publish","hentry","nodate","item-wrap"],"_links":{"self":[{"href":"https:\/\/www.vovray-en-bornes.fr\/index.php?rest_route=\/wp\/v2\/pages\/1528","targetHints":{"allow":["GET"]}}],"collection":[{"href":"https:\/\/www.vovray-en-bornes.fr\/index.php?rest_route=\/wp\/v2\/pages"}],"about":[{"href":"https:\/\/www.vovray-en-bornes.fr\/index.php?rest_route=\/wp\/v2\/types\/page"}],"author":[{"embeddable":true,"href":"https:\/\/www.vovray-en-bornes.fr\/index.php?rest_route=\/wp\/v2\/users\/1"}],"replies":[{"embeddable":true,"href":"https:\/\/www.vovray-en-bornes.fr\/index.php?rest_route=%2Fwp%2Fv2%2Fcomments&post=1528"}],"version-history":[{"count":3,"href":"https:\/\/www.vovray-en-bornes.fr\/index.php?rest_route=\/wp\/v2\/pages\/1528\/revisions"}],"predecessor-version":[{"id":2841,"href":"https:\/\/www.vovray-en-bornes.fr\/index.php?rest_route=\/wp\/v2\/pages\/1528\/revisions\/2841"}],"up":[{"embeddable":true,"href":"https:\/\/www.vovray-en-bornes.fr\/index.php?rest_route=\/wp\/v2\/pages\/2838"}],"wp:attachment":[{"href":"https:\/\/www.vovray-en-bornes.fr\/index.php?rest_route=%2Fwp%2Fv2%2Fmedia&parent=1528"}],"curies":[{"name":"wp","href":"https:\/\/api.w.org\/{rel}","templated":true}]}}