{"id":1374,"date":"2017-01-19T08:57:53","date_gmt":"2017-01-19T08:57:53","guid":{"rendered":"http:\/\/www.vovray-en-bornes.fr\/?page_id=1374"},"modified":"2021-02-01T07:45:09","modified_gmt":"2021-02-01T07:45:09","slug":"logement-social","status":"publish","type":"page","link":"https:\/\/www.vovray-en-bornes.fr\/?page_id=1374","title":{"rendered":"Logement social"},"content":{"rendered":"<p>Ci-joint une note du Service National d&rsquo;Enregistrement. La mairie de Vovray-en-Bornes est service enregistreur, vous pouvez d\u00e9poser votre demande au secr\u00e9tariat ou sur internet. Si vous ne disposez pas d&rsquo;un scanner pour int\u00e9grer votre carte d&rsquo;identit\u00e9, le secr\u00e9tariat pourra le faire et valider votre inscription.<\/p>\n<p>Pour voir la note cliquer sur le lien : <a href=\"http:\/\/www.vovray-en-bornes.fr\/wp-content\/uploads\/2017\/01\/20170119110033.pdf\">20170119110033<\/a><\/p>\n","protected":false},"excerpt":{"rendered":"<p>Ci-joint une note du Service National d&rsquo;Enregistrement. La mairie de Vovray-en-Bornes est service enregistreur, vous pouvez d\u00e9poser votre demande au secr\u00e9tariat ou sur internet. Si vous ne disposez pas d&rsquo;un scanner pour int\u00e9grer votre carte d&rsquo;identit\u00e9, le secr\u00e9tariat pourra le faire et valider votre inscription. Pour voir la note cliquer sur le lien : 20170119110033<\/p>\n","protected":false},"author":1,"featured_media":0,"parent":2838,"menu_order":0,"comment_status":"closed","ping_status":"closed","template":"","meta":{"footnotes":""},"class_list":["post-1374","page","type-page","status-publish","hentry","nodate","item-wrap"],"_links":{"self":[{"href":"https:\/\/www.vovray-en-bornes.fr\/index.php?rest_route=\/wp\/v2\/pages\/1374","targetHints":{"allow":["GET"]}}],"collection":[{"href":"https:\/\/www.vovray-en-bornes.fr\/index.php?rest_route=\/wp\/v2\/pages"}],"about":[{"href":"https:\/\/www.vovray-en-bornes.fr\/index.php?rest_route=\/wp\/v2\/types\/page"}],"author":[{"embeddable":true,"href":"https:\/\/www.vovray-en-bornes.fr\/index.php?rest_route=\/wp\/v2\/users\/1"}],"replies":[{"embeddable":true,"href":"https:\/\/www.vovray-en-bornes.fr\/index.php?rest_route=%2Fwp%2Fv2%2Fcomments&post=1374"}],"version-history":[{"count":5,"href":"https:\/\/www.vovray-en-bornes.fr\/index.php?rest_route=\/wp\/v2\/pages\/1374\/revisions"}],"predecessor-version":[{"id":2848,"href":"https:\/\/www.vovray-en-bornes.fr\/index.php?rest_route=\/wp\/v2\/pages\/1374\/revisions\/2848"}],"up":[{"embeddable":true,"href":"https:\/\/www.vovray-en-bornes.fr\/index.php?rest_route=\/wp\/v2\/pages\/2838"}],"wp:attachment":[{"href":"https:\/\/www.vovray-en-bornes.fr\/index.php?rest_route=%2Fwp%2Fv2%2Fmedia&parent=1374"}],"curies":[{"name":"wp","href":"https:\/\/api.w.org\/{rel}","templated":true}]}}