{"id":1215,"date":"2016-09-09T08:15:24","date_gmt":"2016-09-09T08:15:24","guid":{"rendered":"http:\/\/www.vovray-en-bornes.fr\/?page_id=1215"},"modified":"2021-08-24T15:20:34","modified_gmt":"2021-08-24T15:20:34","slug":"ape-vovray-le-sappey","status":"publish","type":"page","link":"https:\/\/www.vovray-en-bornes.fr\/?page_id=1215","title":{"rendered":"APE Vovray-le Sappey"},"content":{"rendered":"<p>L&rsquo;APE est une association de parents d&rsquo;\u00e9l\u00e8ves du regroupement p\u00e9dagogique Vovray- le Sappey qui organise des manifestations pour r\u00e9colter des fonds pour les projets p\u00e9dagogiques (culturels et sportifs) des \u00e9coles.<\/p>\n<p>Les dates de manifestations seront mentionn\u00e9es en premi\u00e8re page du site.<\/p>\n<p>Vous pouvez les contacter par mail : ape.vovray.sappey@gmail.com<\/p>\n","protected":false},"excerpt":{"rendered":"<p>L&rsquo;APE est une association de parents d&rsquo;\u00e9l\u00e8ves du regroupement p\u00e9dagogique Vovray- le Sappey qui organise des manifestations pour r\u00e9colter des fonds pour les projets p\u00e9dagogiques (culturels et sportifs) des \u00e9coles. Les dates de manifestations seront mentionn\u00e9es en premi\u00e8re page du site. Vous pouvez les contacter par mail : ape.vovray.sappey@gmail.com<\/p>\n","protected":false},"author":1,"featured_media":0,"parent":2861,"menu_order":0,"comment_status":"closed","ping_status":"closed","template":"","meta":{"footnotes":""},"class_list":["post-1215","page","type-page","status-publish","hentry","nodate","item-wrap"],"_links":{"self":[{"href":"https:\/\/www.vovray-en-bornes.fr\/index.php?rest_route=\/wp\/v2\/pages\/1215","targetHints":{"allow":["GET"]}}],"collection":[{"href":"https:\/\/www.vovray-en-bornes.fr\/index.php?rest_route=\/wp\/v2\/pages"}],"about":[{"href":"https:\/\/www.vovray-en-bornes.fr\/index.php?rest_route=\/wp\/v2\/types\/page"}],"author":[{"embeddable":true,"href":"https:\/\/www.vovray-en-bornes.fr\/index.php?rest_route=\/wp\/v2\/users\/1"}],"replies":[{"embeddable":true,"href":"https:\/\/www.vovray-en-bornes.fr\/index.php?rest_route=%2Fwp%2Fv2%2Fcomments&post=1215"}],"version-history":[{"count":5,"href":"https:\/\/www.vovray-en-bornes.fr\/index.php?rest_route=\/wp\/v2\/pages\/1215\/revisions"}],"predecessor-version":[{"id":3211,"href":"https:\/\/www.vovray-en-bornes.fr\/index.php?rest_route=\/wp\/v2\/pages\/1215\/revisions\/3211"}],"up":[{"embeddable":true,"href":"https:\/\/www.vovray-en-bornes.fr\/index.php?rest_route=\/wp\/v2\/pages\/2861"}],"wp:attachment":[{"href":"https:\/\/www.vovray-en-bornes.fr\/index.php?rest_route=%2Fwp%2Fv2%2Fmedia&parent=1215"}],"curies":[{"name":"wp","href":"https:\/\/api.w.org\/{rel}","templated":true}]}}