{"id":107,"date":"2012-05-26T21:26:28","date_gmt":"2012-05-26T21:26:28","guid":{"rendered":"http:\/\/vovray.sansvirus-info.fr\/?page_id=107"},"modified":"2021-03-26T07:33:27","modified_gmt":"2021-03-26T07:33:27","slug":"creches-et-assistantes-maternelles","status":"publish","type":"page","link":"https:\/\/www.vovray-en-bornes.fr\/?page_id=107","title":{"rendered":"Cr\u00e8ches et assistantes maternelles"},"content":{"rendered":"<p>Pour faciliter vos d\u00e9marches, un livret Petite Enfance est disponible en mairie.<\/p>\n<p>La Communaut\u00e9 de Communes du Pays de Cruseilles met un \u00e9quipement \u00e0 votre disposition.<\/p>\n<p>LA MAISON DE LA PETITE ENFANCE<\/p>\n<p>126 avenue des Ebeaux<\/p>\n<p>74350 Cruseilles<\/p>\n<p><strong>Multi accueil (EAJE) \u00ab\u00a0Brin de Malice<\/strong>\u00a0\u00bb<\/p>\n<p>Contact :04.50.64.02.53.<\/p>\n<p><strong>Relais Assistantes Maternelles (RAM)<\/strong><\/p>\n<p>La liste des assistantes maternelles est communicable en mairie.<\/p>\n<p>Contact :04.50.32.38.78.<\/p>\n<p><a href=\"http:\/\/www.ccpaysdecruseilles.org\">www.ccpaysdecruseilles.org<\/a><\/p>\n<p><strong>&nbsp;<\/strong><\/p>\n","protected":false},"excerpt":{"rendered":"<p>Pour faciliter vos d\u00e9marches, un livret Petite Enfance est disponible en mairie. La Communaut\u00e9 de Communes du Pays de Cruseilles met un \u00e9quipement \u00e0 votre disposition. LA MAISON DE LA PETITE ENFANCE 126 avenue des Ebeaux 74350 Cruseilles Multi accueil (EAJE) \u00ab\u00a0Brin de Malice\u00a0\u00bb Contact :04.50.64.02.53. Relais Assistantes Maternelles (RAM) La liste des assistantes maternelles &hellip; <\/p>\n<p><a class=\"more-link btn\" href=\"https:\/\/www.vovray-en-bornes.fr\/?page_id=107\">Lire la suite<\/a><\/p>\n","protected":false},"author":1,"featured_media":0,"parent":2834,"menu_order":1,"comment_status":"closed","ping_status":"closed","template":"template-onecolumn.php","meta":{"footnotes":""},"class_list":["post-107","page","type-page","status-publish","hentry","nodate","item-wrap"],"_links":{"self":[{"href":"https:\/\/www.vovray-en-bornes.fr\/index.php?rest_route=\/wp\/v2\/pages\/107","targetHints":{"allow":["GET"]}}],"collection":[{"href":"https:\/\/www.vovray-en-bornes.fr\/index.php?rest_route=\/wp\/v2\/pages"}],"about":[{"href":"https:\/\/www.vovray-en-bornes.fr\/index.php?rest_route=\/wp\/v2\/types\/page"}],"author":[{"embeddable":true,"href":"https:\/\/www.vovray-en-bornes.fr\/index.php?rest_route=\/wp\/v2\/users\/1"}],"replies":[{"embeddable":true,"href":"https:\/\/www.vovray-en-bornes.fr\/index.php?rest_route=%2Fwp%2Fv2%2Fcomments&post=107"}],"version-history":[{"count":21,"href":"https:\/\/www.vovray-en-bornes.fr\/index.php?rest_route=\/wp\/v2\/pages\/107\/revisions"}],"predecessor-version":[{"id":2845,"href":"https:\/\/www.vovray-en-bornes.fr\/index.php?rest_route=\/wp\/v2\/pages\/107\/revisions\/2845"}],"up":[{"embeddable":true,"href":"https:\/\/www.vovray-en-bornes.fr\/index.php?rest_route=\/wp\/v2\/pages\/2834"}],"wp:attachment":[{"href":"https:\/\/www.vovray-en-bornes.fr\/index.php?rest_route=%2Fwp%2Fv2%2Fmedia&parent=107"}],"curies":[{"name":"wp","href":"https:\/\/api.w.org\/{rel}","templated":true}]}}