{"id":1005,"date":"2015-09-03T12:20:25","date_gmt":"2015-09-03T12:20:25","guid":{"rendered":"http:\/\/www.vovray-en-bornes.fr\/?page_id=1005"},"modified":"2021-02-01T09:41:43","modified_gmt":"2021-02-01T09:41:43","slug":"eau-assainissement-collectif","status":"publish","type":"page","link":"https:\/\/www.vovray-en-bornes.fr\/?page_id=1005","title":{"rendered":"Eau &#8211; assainissement collectif"},"content":{"rendered":"<p>L&rsquo;eau et l&rsquo;assainissement collectif sont une comp\u00e9tence intercommunale pour tout renseignement vous devez contacter la Communaut\u00e9 de Communes du Pays de Cruseilles&nbsp; au 04.50.08.16.16.<\/p>\n<p>Le num\u00e9ro de t\u00e9l\u00e9phone pour l&rsquo;astreinte sur le r\u00e9seau d&rsquo;eau est le 06.25.90.68.65.<\/p>\n<p>Le num\u00e9ro de t\u00e9l\u00e9phone pour l&rsquo;astreinte des \u00e9lectro eau est le 06.64.05.03.77.<\/p>\n","protected":false},"excerpt":{"rendered":"<p>L&rsquo;eau et l&rsquo;assainissement collectif sont une comp\u00e9tence intercommunale pour tout renseignement vous devez contacter la Communaut\u00e9 de Communes du Pays de Cruseilles&nbsp; au 04.50.08.16.16. Le num\u00e9ro de t\u00e9l\u00e9phone pour l&rsquo;astreinte sur le r\u00e9seau d&rsquo;eau est le 06.25.90.68.65. Le num\u00e9ro de t\u00e9l\u00e9phone pour l&rsquo;astreinte des \u00e9lectro eau est le 06.64.05.03.77.<\/p>\n","protected":false},"author":1,"featured_media":0,"parent":62,"menu_order":0,"comment_status":"closed","ping_status":"closed","template":"","meta":{"footnotes":""},"class_list":["post-1005","page","type-page","status-publish","hentry","nodate","item-wrap"],"_links":{"self":[{"href":"https:\/\/www.vovray-en-bornes.fr\/index.php?rest_route=\/wp\/v2\/pages\/1005","targetHints":{"allow":["GET"]}}],"collection":[{"href":"https:\/\/www.vovray-en-bornes.fr\/index.php?rest_route=\/wp\/v2\/pages"}],"about":[{"href":"https:\/\/www.vovray-en-bornes.fr\/index.php?rest_route=\/wp\/v2\/types\/page"}],"author":[{"embeddable":true,"href":"https:\/\/www.vovray-en-bornes.fr\/index.php?rest_route=\/wp\/v2\/users\/1"}],"replies":[{"embeddable":true,"href":"https:\/\/www.vovray-en-bornes.fr\/index.php?rest_route=%2Fwp%2Fv2%2Fcomments&post=1005"}],"version-history":[{"count":2,"href":"https:\/\/www.vovray-en-bornes.fr\/index.php?rest_route=\/wp\/v2\/pages\/1005\/revisions"}],"predecessor-version":[{"id":2879,"href":"https:\/\/www.vovray-en-bornes.fr\/index.php?rest_route=\/wp\/v2\/pages\/1005\/revisions\/2879"}],"up":[{"embeddable":true,"href":"https:\/\/www.vovray-en-bornes.fr\/index.php?rest_route=\/wp\/v2\/pages\/62"}],"wp:attachment":[{"href":"https:\/\/www.vovray-en-bornes.fr\/index.php?rest_route=%2Fwp%2Fv2%2Fmedia&parent=1005"}],"curies":[{"name":"wp","href":"https:\/\/api.w.org\/{rel}","templated":true}]}}